{"id":84,"date":"2023-09-21T00:22:11","date_gmt":"2023-09-21T00:22:11","guid":{"rendered":"https:\/\/bateriasalher.com\/?page_id=84"},"modified":"2023-09-27T21:28:03","modified_gmt":"2023-09-27T21:28:03","slug":"nosotros","status":"publish","type":"page","link":"https:\/\/bateriasalher.com\/index.php\/nosotros\/","title":{"rendered":"Nosotros"},"content":{"rendered":"\t\t<div data-elementor-type=\"wp-page\" data-elementor-id=\"84\" class=\"elementor elementor-84\">\n\t\t\t\t<div class=\"elementor-element elementor-element-3ad41cf e-flex e-con-boxed e-con e-parent\" data-id=\"3ad41cf\" data-element_type=\"container\" data-e-type=\"container\" data-settings=\"{&quot;background_background&quot;:&quot;classic&quot;}\">\n\t\t\t\t\t<div class=\"e-con-inner\">\n\t\t<div class=\"elementor-element elementor-element-678ce32c e-flex e-con-boxed e-con e-child\" data-id=\"678ce32c\" data-element_type=\"container\" data-e-type=\"container\">\n\t\t\t\t\t<div class=\"e-con-inner\">\n\t\t\t\t<div class=\"elementor-element elementor-element-7d7c86ac animated-slow elementor-invisible elementor-widget elementor-widget-heading\" data-id=\"7d7c86ac\" data-element_type=\"widget\" data-e-type=\"widget\" data-settings=\"{&quot;_animation&quot;:&quot;slideInUp&quot;}\" data-widget_type=\"heading.default\">\n\t\t\t\t<div class=\"elementor-widget-container\">\n\t\t\t\t\t<h2 class=\"elementor-heading-title elementor-size-default\">Alher Bater\u00edas Industriales<\/h2>\t\t\t\t<\/div>\n\t\t\t\t<\/div>\n\t\t\t\t<div class=\"elementor-element elementor-element-571d7fb7 animated-slow elementor-invisible elementor-widget elementor-widget-heading\" data-id=\"571d7fb7\" data-element_type=\"widget\" data-e-type=\"widget\" data-settings=\"{&quot;_animation&quot;:&quot;slideInUp&quot;}\" data-widget_type=\"heading.default\">\n\t\t\t\t<div class=\"elementor-widget-container\">\n\t\t\t\t\t<h2 class=\"elementor-heading-title elementor-size-default\">ACERCA DE NOSOTROS<\/h2>\t\t\t\t<\/div>\n\t\t\t\t<\/div>\n\t\t\t\t\t<\/div>\n\t\t\t\t<\/div>\n\t\t<div class=\"elementor-element elementor-element-24b5a9ab e-con-full e-flex e-con e-child\" data-id=\"24b5a9ab\" data-element_type=\"container\" data-e-type=\"container\">\n\t\t<div class=\"elementor-element elementor-element-5975dde8 e-con-full e-flex e-con e-child\" data-id=\"5975dde8\" data-element_type=\"container\" data-e-type=\"container\">\n\t\t\t\t<div class=\"elementor-element elementor-element-513d6456 elementor-widget elementor-widget-heading\" data-id=\"513d6456\" data-element_type=\"widget\" data-e-type=\"widget\" data-widget_type=\"heading.default\">\n\t\t\t\t<div class=\"elementor-widget-container\">\n\t\t\t\t\t<h3 class=\"elementor-heading-title elementor-size-default\">historia<\/h3>\t\t\t\t<\/div>\n\t\t\t\t<\/div>\n\t\t\t\t<div class=\"elementor-element elementor-element-5bf889da elementor-position-top elementor-widget elementor-widget-image-box\" data-id=\"5bf889da\" data-element_type=\"widget\" data-e-type=\"widget\" data-widget_type=\"image-box.default\">\n\t\t\t\t<div class=\"elementor-widget-container\">\n\t\t\t\t\t<div class=\"elementor-image-box-wrapper\"><figure class=\"elementor-image-box-img\"><img fetchpriority=\"high\" decoding=\"async\" width=\"996\" height=\"710\" src=\"https:\/\/bateriasalher.com\/wp-content\/uploads\/2023\/09\/Copia-de-johnson-y-johnson.png\" class=\"attachment-full size-full wp-image-70\" alt=\"\" srcset=\"https:\/\/bateriasalher.com\/wp-content\/uploads\/2023\/09\/Copia-de-johnson-y-johnson.png 996w, https:\/\/bateriasalher.com\/wp-content\/uploads\/2023\/09\/Copia-de-johnson-y-johnson-300x214.png 300w, https:\/\/bateriasalher.com\/wp-content\/uploads\/2023\/09\/Copia-de-johnson-y-johnson-768x547.png 768w, https:\/\/bateriasalher.com\/wp-content\/uploads\/2023\/09\/Copia-de-johnson-y-johnson-600x428.png 600w\" sizes=\"(max-width: 996px) 100vw, 996px\" \/><\/figure><div class=\"elementor-image-box-content\"><p class=\"elementor-image-box-description\">Bater\u00edas Alher inici\u00f3 en el a\u00f1o 1983, ofreciendo bater\u00edas industriales para todo tipo de Montacargas, apiladores, estibadores, plantas estacionadoras, arrancadores, veh\u00edculos y bater\u00edas especializadas.\n\nEn estos a\u00f1os Alher ha implementado en la fabricaci\u00f3n de bater\u00edas industriales, tecnolog\u00eda Alemana para dar mayor seguridad y durabilidad a los productos que fabricamos.<\/p><\/div><\/div>\t\t\t\t<\/div>\n\t\t\t\t<\/div>\n\t\t\t\t<\/div>\n\t\t<div class=\"elementor-element elementor-element-b4b914c e-con-full e-flex e-con e-child\" data-id=\"b4b914c\" data-element_type=\"container\" data-e-type=\"container\">\n\t\t\t\t<div class=\"elementor-element elementor-element-4dbbc132 elementor-widget elementor-widget-heading\" data-id=\"4dbbc132\" data-element_type=\"widget\" data-e-type=\"widget\" data-widget_type=\"heading.default\">\n\t\t\t\t<div class=\"elementor-widget-container\">\n\t\t\t\t\t<h3 class=\"elementor-heading-title elementor-size-default\">Qui\u00e9nes somos<\/h3>\t\t\t\t<\/div>\n\t\t\t\t<\/div>\n\t\t\t\t<div class=\"elementor-element elementor-element-6fd7cfea elementor-position-top elementor-widget elementor-widget-image-box\" data-id=\"6fd7cfea\" data-element_type=\"widget\" data-e-type=\"widget\" data-widget_type=\"image-box.default\">\n\t\t\t\t<div class=\"elementor-widget-container\">\n\t\t\t\t\t<div class=\"elementor-image-box-wrapper\"><figure class=\"elementor-image-box-img\"><img decoding=\"async\" width=\"1024\" height=\"768\" src=\"https:\/\/bateriasalher.com\/wp-content\/uploads\/2023\/09\/DSC07095.jpg\" class=\"attachment-full size-full wp-image-65\" alt=\"\" srcset=\"https:\/\/bateriasalher.com\/wp-content\/uploads\/2023\/09\/DSC07095.jpg 1024w, https:\/\/bateriasalher.com\/wp-content\/uploads\/2023\/09\/DSC07095-300x225.jpg 300w, https:\/\/bateriasalher.com\/wp-content\/uploads\/2023\/09\/DSC07095-768x576.jpg 768w, https:\/\/bateriasalher.com\/wp-content\/uploads\/2023\/09\/DSC07095-600x450.jpg 600w\" sizes=\"(max-width: 1024px) 100vw, 1024px\" \/><\/figure><div class=\"elementor-image-box-content\"><p class=\"elementor-image-box-description\">En nuestra compa\u00f1\u00eda contamos con personal profesional y utilizamos materias primas de primera calidad, lo que nos permite tener clientes en sectores como: petroleras, almacenes de cadena, laboratorios farmac\u00e9uticos, empresas manufactureras, textil, alimentos y frigor\u00edficos entre otros.<\/p><\/div><\/div>\t\t\t\t<\/div>\n\t\t\t\t<\/div>\n\t\t\t\t<\/div>\n\t\t<div class=\"elementor-element elementor-element-5a815d9f e-con-full e-flex e-con e-child\" data-id=\"5a815d9f\" data-element_type=\"container\" data-e-type=\"container\">\n\t\t\t\t<div class=\"elementor-element elementor-element-5176b52c elementor-widget elementor-widget-heading\" data-id=\"5176b52c\" data-element_type=\"widget\" data-e-type=\"widget\" data-widget_type=\"heading.default\">\n\t\t\t\t<div class=\"elementor-widget-container\">\n\t\t\t\t\t<h3 class=\"elementor-heading-title elementor-size-default\">Ubicaci\u00f3n<\/h3>\t\t\t\t<\/div>\n\t\t\t\t<\/div>\n\t\t\t\t<div class=\"elementor-element elementor-element-70ec035a elementor-position-top elementor-widget elementor-widget-image-box\" data-id=\"70ec035a\" data-element_type=\"widget\" data-e-type=\"widget\" data-widget_type=\"image-box.default\">\n\t\t\t\t<div class=\"elementor-widget-container\">\n\t\t\t\t\t<div class=\"elementor-image-box-wrapper\"><figure class=\"elementor-image-box-img\"><img decoding=\"async\" width=\"756\" height=\"673\" src=\"https:\/\/bateriasalher.com\/wp-content\/uploads\/2023\/09\/Copia-2-de-Ciba-Geigy.png\" class=\"attachment-full size-full wp-image-61\" alt=\"\" srcset=\"https:\/\/bateriasalher.com\/wp-content\/uploads\/2023\/09\/Copia-2-de-Ciba-Geigy.png 756w, https:\/\/bateriasalher.com\/wp-content\/uploads\/2023\/09\/Copia-2-de-Ciba-Geigy-300x267.png 300w, https:\/\/bateriasalher.com\/wp-content\/uploads\/2023\/09\/Copia-2-de-Ciba-Geigy-600x534.png 600w\" sizes=\"(max-width: 756px) 100vw, 756px\" \/><\/figure><div class=\"elementor-image-box-content\"><p class=\"elementor-image-box-description\">Nuestras instalaciones est\u00e1n ubicadas en un sitio estrat\u00e9gico de la ciudad de Bogot\u00e1 que permite tener una asistencia r\u00e1pida y efectiva, nuestros precios y respaldo nos convertir\u00e1n en su socio estrat\u00e9gico.<\/p><\/div><\/div>\t\t\t\t<\/div>\n\t\t\t\t<\/div>\n\t\t\t\t<\/div>\n\t\t\t\t<\/div>\n\t\t\t\t\t<\/div>\n\t\t\t\t<\/div>\n\t\t\t\t<\/div>\n\t\t","protected":false},"excerpt":{"rendered":"<p>Alher Bater\u00edas Industriales ACERCA DE NOSOTROS historia Bater\u00edas Alher inici\u00f3 en el a\u00f1o 1983, ofreciendo bater\u00edas industriales para todo tipo de Montacargas, apiladores, estibadores, plantas estacionadoras, arrancadores, veh\u00edculos y bater\u00edas especializadas. En estos a\u00f1os Alher ha implementado en la fabricaci\u00f3n de bater\u00edas industriales, tecnolog\u00eda Alemana para dar mayor seguridad y durabilidad a los productos que [&hellip;]<\/p>\n","protected":false},"author":1,"featured_media":0,"parent":0,"menu_order":0,"comment_status":"closed","ping_status":"closed","template":"","meta":{"om_disable_all_campaigns":false,"_monsterinsights_skip_tracking":false,"_monsterinsights_sitenote_active":false,"_monsterinsights_sitenote_note":"","_monsterinsights_sitenote_category":0,"_joinchat":[],"footnotes":""},"class_list":["post-84","page","type-page","status-publish","hentry"],"aioseo_notices":[],"_links":{"self":[{"href":"https:\/\/bateriasalher.com\/index.php\/wp-json\/wp\/v2\/pages\/84","targetHints":{"allow":["GET"]}}],"collection":[{"href":"https:\/\/bateriasalher.com\/index.php\/wp-json\/wp\/v2\/pages"}],"about":[{"href":"https:\/\/bateriasalher.com\/index.php\/wp-json\/wp\/v2\/types\/page"}],"author":[{"embeddable":true,"href":"https:\/\/bateriasalher.com\/index.php\/wp-json\/wp\/v2\/users\/1"}],"replies":[{"embeddable":true,"href":"https:\/\/bateriasalher.com\/index.php\/wp-json\/wp\/v2\/comments?post=84"}],"version-history":[{"count":31,"href":"https:\/\/bateriasalher.com\/index.php\/wp-json\/wp\/v2\/pages\/84\/revisions"}],"predecessor-version":[{"id":465,"href":"https:\/\/bateriasalher.com\/index.php\/wp-json\/wp\/v2\/pages\/84\/revisions\/465"}],"wp:attachment":[{"href":"https:\/\/bateriasalher.com\/index.php\/wp-json\/wp\/v2\/media?parent=84"}],"curies":[{"name":"wp","href":"https:\/\/api.w.org\/{rel}","templated":true}]}}