{"id":46,"date":"2023-09-20T21:30:56","date_gmt":"2023-09-20T21:30:56","guid":{"rendered":"https:\/\/bateriasalher.com\/?page_id=46"},"modified":"2025-03-12T16:21:00","modified_gmt":"2025-03-12T16:21:00","slug":"blog","status":"publish","type":"page","link":"https:\/\/bateriasalher.com\/index.php\/blog\/","title":{"rendered":"Blog"},"content":{"rendered":"\t\t<div data-elementor-type=\"wp-page\" data-elementor-id=\"46\" class=\"elementor elementor-46\">\n\t\t\t\t<div class=\"elementor-element elementor-element-88b6d13 e-flex e-con-boxed e-con e-parent\" data-id=\"88b6d13\" data-element_type=\"container\" data-e-type=\"container\">\n\t\t\t\t\t<div class=\"e-con-inner\">\n\t\t\t\t<div class=\"elementor-element elementor-element-06c1ff9 elementor-widget elementor-widget-image\" data-id=\"06c1ff9\" data-element_type=\"widget\" data-e-type=\"widget\" data-widget_type=\"image.default\">\n\t\t\t\t<div class=\"elementor-widget-container\">\n\t\t\t\t\t\t\t\t\t\t\t\t\t\t\t<img fetchpriority=\"high\" decoding=\"async\" width=\"300\" height=\"300\" src=\"https:\/\/bateriasalher.com\/wp-content\/uploads\/2025\/02\/bateria5-fotor-20250204154051-300x300.jpg\" class=\"attachment-medium size-medium wp-image-563\" alt=\"\" srcset=\"https:\/\/bateriasalher.com\/wp-content\/uploads\/2025\/02\/bateria5-fotor-20250204154051-300x300.jpg 300w, https:\/\/bateriasalher.com\/wp-content\/uploads\/2025\/02\/bateria5-fotor-20250204154051-150x150.jpg 150w, https:\/\/bateriasalher.com\/wp-content\/uploads\/2025\/02\/bateria5-fotor-20250204154051-600x600.jpg 600w, https:\/\/bateriasalher.com\/wp-content\/uploads\/2025\/02\/bateria5-fotor-20250204154051-100x100.jpg 100w, https:\/\/bateriasalher.com\/wp-content\/uploads\/2025\/02\/bateria5-fotor-20250204154051.jpg 735w\" sizes=\"(max-width: 300px) 100vw, 300px\" \/>\t\t\t\t\t\t\t\t\t\t\t\t\t\t\t<\/div>\n\t\t\t\t<\/div>\n\t\t\t\t\t<\/div>\n\t\t\t\t<\/div>\n\t\t<div class=\"elementor-element elementor-element-6ac916d e-flex e-con-boxed e-con e-parent\" data-id=\"6ac916d\" data-element_type=\"container\" data-e-type=\"container\">\n\t\t\t\t\t<div class=\"e-con-inner\">\n\t\t\t\t<div class=\"elementor-element elementor-element-9045abd elementor-widget elementor-widget-text-editor\" data-id=\"9045abd\" data-element_type=\"widget\" data-e-type=\"widget\" data-widget_type=\"text-editor.default\">\n\t\t\t\t<div class=\"elementor-widget-container\">\n\t\t\t\t\t\t\t\t\t<h1 style=\"text-align: center;\">Bater\u00edas Industriales de Alto Rendimiento<\/h1><h3 style=\"text-align: center;\">\u00a1Potencia sin l\u00edmites!<\/h3><p>Introducimos nuestras bater\u00edas industriales, dise\u00f1adas especialmente para las demandas m\u00e1s exigentes de la industria actual. Con un rendimiento insuperable y una durabilidad excepcional, estas bater\u00edas son la elecci\u00f3n perfecta para cualquier aplicaci\u00f3n industrial.<\/p><p>Nuestras bater\u00edas est\u00e1n fabricadas con materiales de la m\u00e1s alta calidad y tecnolog\u00eda alemana, lo que garantiza su fiabilidad y su capacidad para resistir las condiciones m\u00e1s adversas. Gracias a su dise\u00f1o robusto, estas bater\u00edas pueden soportar golpes, vibraciones y fluctuaciones de temperatura sin comprometer su rendimiento.<\/p><p>\u00bfNecesitas una bater\u00eda de larga duraci\u00f3n? No busques m\u00e1s. Nuestras bater\u00edas industriales ofrecen una vida \u00fatil excepcionalmente larga, lo que significa menos tiempo y dinero gastado en reemplazos frecuentes. Adem\u00e1s, su alta capacidad de carga garantiza un suministro constante de energ\u00eda, lo que te permite trabajar de manera ininterrumpida sin preocuparte por quedarte sin energ\u00eda.<\/p><p>No importa cu\u00e1n exigente sea tu aplicaci\u00f3n, nuestras bater\u00edas te brindar\u00e1n el rendimiento y la confiabilidad que necesitas.<\/p>\t\t\t\t\t\t\t\t<\/div>\n\t\t\t\t<\/div>\n\t\t\t\t\t<\/div>\n\t\t\t\t<\/div>\n\t\t\t\t<\/div>\n\t\t","protected":false},"excerpt":{"rendered":"<p>Bater\u00edas Industriales de Alto Rendimiento \u00a1Potencia sin l\u00edmites! Introducimos nuestras bater\u00edas industriales, dise\u00f1adas especialmente para las demandas m\u00e1s exigentes de la industria actual. Con un rendimiento insuperable y una durabilidad excepcional, estas bater\u00edas son la elecci\u00f3n perfecta para cualquier aplicaci\u00f3n industrial. Nuestras bater\u00edas est\u00e1n fabricadas con materiales de la m\u00e1s alta calidad y tecnolog\u00eda alemana, [&hellip;]<\/p>\n","protected":false},"author":1,"featured_media":0,"parent":0,"menu_order":0,"comment_status":"closed","ping_status":"closed","template":"","meta":{"om_disable_all_campaigns":false,"_monsterinsights_skip_tracking":false,"_monsterinsights_sitenote_active":false,"_monsterinsights_sitenote_note":"","_monsterinsights_sitenote_category":0,"_joinchat":[],"footnotes":""},"class_list":["post-46","page","type-page","status-publish","hentry"],"aioseo_notices":[],"_links":{"self":[{"href":"https:\/\/bateriasalher.com\/index.php\/wp-json\/wp\/v2\/pages\/46","targetHints":{"allow":["GET"]}}],"collection":[{"href":"https:\/\/bateriasalher.com\/index.php\/wp-json\/wp\/v2\/pages"}],"about":[{"href":"https:\/\/bateriasalher.com\/index.php\/wp-json\/wp\/v2\/types\/page"}],"author":[{"embeddable":true,"href":"https:\/\/bateriasalher.com\/index.php\/wp-json\/wp\/v2\/users\/1"}],"replies":[{"embeddable":true,"href":"https:\/\/bateriasalher.com\/index.php\/wp-json\/wp\/v2\/comments?post=46"}],"version-history":[{"count":20,"href":"https:\/\/bateriasalher.com\/index.php\/wp-json\/wp\/v2\/pages\/46\/revisions"}],"predecessor-version":[{"id":636,"href":"https:\/\/bateriasalher.com\/index.php\/wp-json\/wp\/v2\/pages\/46\/revisions\/636"}],"wp:attachment":[{"href":"https:\/\/bateriasalher.com\/index.php\/wp-json\/wp\/v2\/media?parent=46"}],"curies":[{"name":"wp","href":"https:\/\/api.w.org\/{rel}","templated":true}]}}