{"id":44,"date":"2023-09-20T21:31:54","date_gmt":"2023-09-20T21:31:54","guid":{"rendered":"https:\/\/bateriasalher.com\/?page_id=44"},"modified":"2025-07-03T01:02:43","modified_gmt":"2025-07-03T01:02:43","slug":"home","status":"publish","type":"page","link":"https:\/\/bateriasalher.com\/","title":{"rendered":"Inicio"},"content":{"rendered":"\t\t<div data-elementor-type=\"wp-page\" data-elementor-id=\"44\" class=\"elementor elementor-44\">\n\t\t\t\t<div class=\"elementor-element elementor-element-5134f55 e-flex e-con-boxed e-con e-parent\" data-id=\"5134f55\" data-element_type=\"container\" data-e-type=\"container\">\n\t\t\t\t\t<div class=\"e-con-inner\">\n\t\t\t\t<div class=\"elementor-element elementor-element-4827d47 elementor-widget elementor-widget-video\" data-id=\"4827d47\" data-element_type=\"widget\" data-e-type=\"widget\" data-settings=\"{&quot;video_type&quot;:&quot;hosted&quot;,&quot;autoplay&quot;:&quot;yes&quot;,&quot;start&quot;:2,&quot;controls&quot;:&quot;yes&quot;}\" data-widget_type=\"video.default\">\n\t\t\t\t<div class=\"elementor-widget-container\">\n\t\t\t\t\t\t\t<div class=\"e-hosted-video elementor-wrapper elementor-open-inline\">\n\t\t\t\t\t<video class=\"elementor-video\" src=\"https:\/\/bateriasalher.com\/wp-content\/uploads\/2025\/07\/Baterias-Industriales-Alher1.mp4#t=2\" autoplay=\"\" controls=\"\" controlsList=\"nodownload\"><\/video>\n\t\t\t\t<\/div>\n\t\t\t\t\t\t<\/div>\n\t\t\t\t<\/div>\n\t\t\t\t\t<\/div>\n\t\t\t\t<\/div>\n\t\t<div class=\"elementor-element elementor-element-24e9b984 e-flex e-con-boxed e-con e-parent\" data-id=\"24e9b984\" data-element_type=\"container\" data-e-type=\"container\" data-settings=\"{&quot;background_background&quot;:&quot;classic&quot;}\">\n\t\t\t\t\t<div class=\"e-con-inner\">\n\t\t<div class=\"elementor-element elementor-element-20341c6b e-con-full e-flex e-con e-child\" data-id=\"20341c6b\" data-element_type=\"container\" data-e-type=\"container\">\n\t\t\t\t<div class=\"elementor-element elementor-element-0da09e9 elementor-arrows-position-inside elementor-pagination-position-outside elementor-widget elementor-widget-image-carousel\" data-id=\"0da09e9\" data-element_type=\"widget\" data-e-type=\"widget\" data-settings=\"{&quot;navigation&quot;:&quot;both&quot;,&quot;autoplay&quot;:&quot;yes&quot;,&quot;pause_on_hover&quot;:&quot;yes&quot;,&quot;pause_on_interaction&quot;:&quot;yes&quot;,&quot;autoplay_speed&quot;:5000,&quot;infinite&quot;:&quot;yes&quot;,&quot;speed&quot;:500}\" data-widget_type=\"image-carousel.default\">\n\t\t\t\t<div class=\"elementor-widget-container\">\n\t\t\t\t\t\t\t<div class=\"elementor-image-carousel-wrapper swiper\" role=\"region\" aria-roledescription=\"carousel\" aria-label=\"Carrusel de im\u00e1genes\" dir=\"ltr\">\n\t\t\t<div class=\"elementor-image-carousel swiper-wrapper\" aria-live=\"off\">\n\t\t\t\t\t\t\t\t<div class=\"swiper-slide\" role=\"group\" aria-roledescription=\"slide\" aria-label=\"1 of 7\"><figure class=\"swiper-slide-inner\"><img decoding=\"async\" class=\"swiper-slide-image\" src=\"https:\/\/bateriasalher.com\/wp-content\/uploads\/2025\/02\/bateria9-fotor-2025020416189.jpg\" alt=\"bateria9-fotor-2025020416189\" \/><\/figure><\/div><div class=\"swiper-slide\" role=\"group\" aria-roledescription=\"slide\" aria-label=\"2 of 7\"><figure class=\"swiper-slide-inner\"><img decoding=\"async\" class=\"swiper-slide-image\" src=\"https:\/\/bateriasalher.com\/wp-content\/uploads\/2025\/02\/bateria8-fotor-20250204161050.jpg\" alt=\"bateria8-fotor-20250204161050\" \/><\/figure><\/div><div class=\"swiper-slide\" role=\"group\" aria-roledescription=\"slide\" aria-label=\"3 of 7\"><figure class=\"swiper-slide-inner\"><img decoding=\"async\" class=\"swiper-slide-image\" src=\"https:\/\/bateriasalher.com\/wp-content\/uploads\/2025\/02\/bateria7-fotor-2025020416216.jpg\" alt=\"bateria7-fotor-2025020416216\" \/><\/figure><\/div><div class=\"swiper-slide\" role=\"group\" aria-roledescription=\"slide\" aria-label=\"4 of 7\"><figure class=\"swiper-slide-inner\"><img decoding=\"async\" class=\"swiper-slide-image\" src=\"https:\/\/bateriasalher.com\/wp-content\/uploads\/2025\/02\/bateria6-fotor-2025020415474.jpg\" alt=\"bateria6-fotor-2025020415474\" \/><\/figure><\/div><div class=\"swiper-slide\" role=\"group\" aria-roledescription=\"slide\" aria-label=\"5 of 7\"><figure class=\"swiper-slide-inner\"><img decoding=\"async\" class=\"swiper-slide-image\" src=\"https:\/\/bateriasalher.com\/wp-content\/uploads\/2025\/02\/bateria5-fotor-20250204154051.jpg\" alt=\"bateria5-fotor-20250204154051\" \/><\/figure><\/div><div class=\"swiper-slide\" role=\"group\" aria-roledescription=\"slide\" aria-label=\"6 of 7\"><figure class=\"swiper-slide-inner\"><img decoding=\"async\" class=\"swiper-slide-image\" src=\"https:\/\/bateriasalher.com\/wp-content\/uploads\/2025\/02\/bateria4-fotor-20250203223318.jpg\" alt=\"bateria4-fotor-20250203223318\" \/><\/figure><\/div><div class=\"swiper-slide\" role=\"group\" aria-roledescription=\"slide\" aria-label=\"7 of 7\"><figure class=\"swiper-slide-inner\"><img decoding=\"async\" class=\"swiper-slide-image\" src=\"https:\/\/bateriasalher.com\/wp-content\/uploads\/2025\/02\/bateria-3-fotor-20250203222547.jpg\" alt=\"bateria 3-fotor-20250203222547\" \/><\/figure><\/div>\t\t\t<\/div>\n\t\t\t\t\t\t\t\t\t\t\t\t<div class=\"elementor-swiper-button elementor-swiper-button-prev\" role=\"button\" tabindex=\"0\">\n\t\t\t\t\t\t<i aria-hidden=\"true\" class=\"eicon-chevron-left\"><\/i>\t\t\t\t\t<\/div>\n\t\t\t\t\t<div class=\"elementor-swiper-button elementor-swiper-button-next\" role=\"button\" tabindex=\"0\">\n\t\t\t\t\t\t<i aria-hidden=\"true\" class=\"eicon-chevron-right\"><\/i>\t\t\t\t\t<\/div>\n\t\t\t\t\n\t\t\t\t\t\t\t\t\t<div class=\"swiper-pagination\"><\/div>\n\t\t\t\t\t\t\t\t\t<\/div>\n\t\t\t\t\t\t<\/div>\n\t\t\t\t<\/div>\n\t\t\t\t<\/div>\n\t\t<div class=\"elementor-element elementor-element-22504ed8 e-con-full e-flex e-con e-child\" data-id=\"22504ed8\" data-element_type=\"container\" data-e-type=\"container\">\n\t\t\t\t<div class=\"elementor-element elementor-element-41d6e255 elementor-widget elementor-widget-heading\" data-id=\"41d6e255\" data-element_type=\"widget\" data-e-type=\"widget\" data-widget_type=\"heading.default\">\n\t\t\t\t<div class=\"elementor-widget-container\">\n\t\t\t\t\t<h1 class=\"elementor-heading-title elementor-size-default\">Nuestra empresa<\/h1>\t\t\t\t<\/div>\n\t\t\t\t<\/div>\n\t\t\t\t<div class=\"elementor-element elementor-element-6ebabfde elementor-widget elementor-widget-text-editor\" data-id=\"6ebabfde\" data-element_type=\"widget\" data-e-type=\"widget\" data-widget_type=\"text-editor.default\">\n\t\t\t\t<div class=\"elementor-widget-container\">\n\t\t\t\t\t\t\t\t\t<p>Somos una empresa especializada en la fabricaci\u00f3n,\u00a0 reparaci\u00f3n y mantenimiento de\u00a0bater\u00edas\u00a0industriales, ciclo profundo.<\/p>\t\t\t\t\t\t\t\t<\/div>\n\t\t\t\t<\/div>\n\t\t\t\t<\/div>\n\t\t\t\t\t<\/div>\n\t\t\t\t<\/div>\n\t\t<div class=\"elementor-element elementor-element-2f576f95 e-flex e-con-boxed e-con e-parent\" data-id=\"2f576f95\" data-element_type=\"container\" data-e-type=\"container\" data-settings=\"{&quot;background_background&quot;:&quot;classic&quot;}\">\n\t\t\t\t\t<div class=\"e-con-inner\">\n\t\t<div class=\"elementor-element elementor-element-3af13e15 e-con-full e-flex e-con e-child\" data-id=\"3af13e15\" data-element_type=\"container\" data-e-type=\"container\">\n\t\t\t\t<div class=\"elementor-element elementor-element-4d89899b elementor-widget elementor-widget-heading\" data-id=\"4d89899b\" data-element_type=\"widget\" data-e-type=\"widget\" data-widget_type=\"heading.default\">\n\t\t\t\t<div class=\"elementor-widget-container\">\n\t\t\t\t\t<h2 class=\"elementor-heading-title elementor-size-default\">Producci\u00f3n<\/h2>\t\t\t\t<\/div>\n\t\t\t\t<\/div>\n\t\t\t\t<div class=\"elementor-element elementor-element-3ba5b76f elementor-widget elementor-widget-text-editor\" data-id=\"3ba5b76f\" data-element_type=\"widget\" data-e-type=\"widget\" data-widget_type=\"text-editor.default\">\n\t\t\t\t<div class=\"elementor-widget-container\">\n\t\t\t\t\t\t\t\t\t<p>Fabricamos bater\u00edas industriales para Montacargas el\u00e9ctricos, Estibadores, Apiladores y Carros el\u00e9ctricos, Ciclo Profundo.<\/p><p>\u00a0<\/p>\t\t\t\t\t\t\t\t<\/div>\n\t\t\t\t<\/div>\n\t\t\t\t<\/div>\n\t\t<div class=\"elementor-element elementor-element-7869351 e-con-full e-flex e-con e-child\" data-id=\"7869351\" data-element_type=\"container\" data-e-type=\"container\">\n\t\t\t\t<div class=\"elementor-element elementor-element-697822fc elementor-widget elementor-widget-image\" data-id=\"697822fc\" data-element_type=\"widget\" data-e-type=\"widget\" data-widget_type=\"image.default\">\n\t\t\t\t<div class=\"elementor-widget-container\">\n\t\t\t\t\t\t\t\t\t\t\t\t\t\t\t<img fetchpriority=\"high\" decoding=\"async\" width=\"300\" height=\"300\" src=\"https:\/\/bateriasalher.com\/wp-content\/uploads\/2025\/02\/bateria-3-fotor-20250203222547-300x300.jpg\" class=\"attachment-medium size-medium wp-image-561\" alt=\"\" srcset=\"https:\/\/bateriasalher.com\/wp-content\/uploads\/2025\/02\/bateria-3-fotor-20250203222547-300x300.jpg 300w, https:\/\/bateriasalher.com\/wp-content\/uploads\/2025\/02\/bateria-3-fotor-20250203222547-150x150.jpg 150w, https:\/\/bateriasalher.com\/wp-content\/uploads\/2025\/02\/bateria-3-fotor-20250203222547-600x600.jpg 600w, https:\/\/bateriasalher.com\/wp-content\/uploads\/2025\/02\/bateria-3-fotor-20250203222547-100x100.jpg 100w, https:\/\/bateriasalher.com\/wp-content\/uploads\/2025\/02\/bateria-3-fotor-20250203222547.jpg 744w\" sizes=\"(max-width: 300px) 100vw, 300px\" \/>\t\t\t\t\t\t\t\t\t\t\t\t\t\t\t<\/div>\n\t\t\t\t<\/div>\n\t\t\t\t<\/div>\n\t\t\t\t\t<\/div>\n\t\t\t\t<\/div>\n\t\t<div class=\"elementor-element elementor-element-3cc522ff e-con-full e-flex e-con e-parent\" data-id=\"3cc522ff\" data-element_type=\"container\" data-e-type=\"container\" data-settings=\"{&quot;background_background&quot;:&quot;classic&quot;}\">\n\t\t<div class=\"elementor-element elementor-element-29bc4d45 e-con-full e-flex e-con e-child\" data-id=\"29bc4d45\" data-element_type=\"container\" data-e-type=\"container\">\n\t\t\t\t<div class=\"elementor-element elementor-element-7707fd20 elementor-widget elementor-widget-heading\" data-id=\"7707fd20\" data-element_type=\"widget\" data-e-type=\"widget\" data-widget_type=\"heading.default\">\n\t\t\t\t<div class=\"elementor-widget-container\">\n\t\t\t\t\t<h2 class=\"elementor-heading-title elementor-size-default\">Reparaci\u00f3n y Mantenimiento<\/h2>\t\t\t\t<\/div>\n\t\t\t\t<\/div>\n\t\t\t\t<div class=\"elementor-element elementor-element-2d19c53a elementor-widget elementor-widget-text-editor\" data-id=\"2d19c53a\" data-element_type=\"widget\" data-e-type=\"widget\" data-widget_type=\"text-editor.default\">\n\t\t\t\t<div class=\"elementor-widget-container\">\n\t\t\t\t\t\t\t\t\t<p>Contamos con servicio de reparaci\u00f3n, mantenimiento, repotenciaci\u00f3n, activaci\u00f3n, puesta en marcha, reconstrucci\u00f3n y compra de bater\u00edas usadas con certificaci\u00f3n final.<\/p>\t\t\t\t\t\t\t\t<\/div>\n\t\t\t\t<\/div>\n\t\t\t\t<\/div>\n\t\t<div class=\"elementor-element elementor-element-356e2380 e-con-full e-flex e-con e-child\" data-id=\"356e2380\" data-element_type=\"container\" data-e-type=\"container\">\n\t\t\t\t<div class=\"elementor-element elementor-element-416bc7b3 elementor-widget elementor-widget-image\" data-id=\"416bc7b3\" data-element_type=\"widget\" data-e-type=\"widget\" data-widget_type=\"image.default\">\n\t\t\t\t<div class=\"elementor-widget-container\">\n\t\t\t\t\t\t\t\t\t\t\t\t\t\t\t<img decoding=\"async\" width=\"640\" height=\"640\" src=\"https:\/\/bateriasalher.com\/wp-content\/uploads\/2025\/07\/fotor-ai-20250702191322.jpg\" class=\"attachment-large size-large wp-image-655\" alt=\"\" srcset=\"https:\/\/bateriasalher.com\/wp-content\/uploads\/2025\/07\/fotor-ai-20250702191322.jpg 1024w, https:\/\/bateriasalher.com\/wp-content\/uploads\/2025\/07\/fotor-ai-20250702191322-300x300.jpg 300w, https:\/\/bateriasalher.com\/wp-content\/uploads\/2025\/07\/fotor-ai-20250702191322-150x150.jpg 150w, https:\/\/bateriasalher.com\/wp-content\/uploads\/2025\/07\/fotor-ai-20250702191322-768x768.jpg 768w\" sizes=\"(max-width: 640px) 100vw, 640px\" \/>\t\t\t\t\t\t\t\t\t\t\t\t\t\t\t<\/div>\n\t\t\t\t<\/div>\n\t\t\t\t<\/div>\n\t\t\t\t<\/div>\n\t\t<div class=\"elementor-element elementor-element-5d438853 e-con-full e-flex e-con e-parent\" data-id=\"5d438853\" data-element_type=\"container\" data-e-type=\"container\" data-settings=\"{&quot;background_background&quot;:&quot;classic&quot;}\">\n\t\t<div class=\"elementor-element elementor-element-3f9b071c e-con-full e-flex e-con e-child\" data-id=\"3f9b071c\" data-element_type=\"container\" data-e-type=\"container\">\n\t\t\t\t<div class=\"elementor-element elementor-element-2867b07f elementor-widget elementor-widget-heading\" data-id=\"2867b07f\" data-element_type=\"widget\" data-e-type=\"widget\" data-widget_type=\"heading.default\">\n\t\t\t\t<div class=\"elementor-widget-container\">\n\t\t\t\t\t<h2 class=\"elementor-heading-title elementor-size-default\">Suplementos y Repuestos<\/h2>\t\t\t\t<\/div>\n\t\t\t\t<\/div>\n\t\t\t\t<div class=\"elementor-element elementor-element-4260a38e elementor-widget elementor-widget-text-editor\" data-id=\"4260a38e\" data-element_type=\"widget\" data-e-type=\"widget\" data-widget_type=\"text-editor.default\">\n\t\t\t\t<div class=\"elementor-widget-container\">\n\t\t\t\t\t\t\t\t\t<p>Disponemos de un amplio stock de suplementos de bater\u00edas para la venta.\u00a0<\/p><p>Celdas, placas, separadores, jarras, cubiertas, espigos, puentes interconectores, contactos en plata, cables, conectores, agua des-ionizada, electrolito para bater\u00eda y enchufes.<\/p>\t\t\t\t\t\t\t\t<\/div>\n\t\t\t\t<\/div>\n\t\t\t\t<\/div>\n\t\t<div class=\"elementor-element elementor-element-4cb87d29 e-con-full e-flex e-con e-child\" data-id=\"4cb87d29\" data-element_type=\"container\" data-e-type=\"container\">\n\t\t\t\t<div class=\"elementor-element elementor-element-76f93726 elementor-widget elementor-widget-image\" data-id=\"76f93726\" data-element_type=\"widget\" data-e-type=\"widget\" data-widget_type=\"image.default\">\n\t\t\t\t<div class=\"elementor-widget-container\">\n\t\t\t\t\t\t\t\t\t\t\t\t\t\t\t<img decoding=\"async\" src=\"https:\/\/bateriasalher.com\/wp-content\/uploads\/elementor\/thumbs\/grupo-conectores-1920w-qcylqrzf6mi6xkgr9i82x1fqwe6tic1j2aiqqiubaw.webp\" title=\"grupo-conectores-1920w\" alt=\"grupo-conectores-1920w\" loading=\"lazy\" \/>\t\t\t\t\t\t\t\t\t\t\t\t\t\t\t<\/div>\n\t\t\t\t<\/div>\n\t\t\t\t<\/div>\n\t\t\t\t<\/div>\n\t\t<div class=\"elementor-element elementor-element-3648be3c e-flex e-con-boxed e-con e-parent\" data-id=\"3648be3c\" data-element_type=\"container\" data-e-type=\"container\">\n\t\t\t\t\t<div class=\"e-con-inner\">\n\t\t\t\t<div class=\"elementor-element elementor-element-10796c84 elementor-widget elementor-widget-heading\" data-id=\"10796c84\" data-element_type=\"widget\" data-e-type=\"widget\" data-widget_type=\"heading.default\">\n\t\t\t\t<div class=\"elementor-widget-container\">\n\t\t\t\t\t<h3 class=\"elementor-heading-title elementor-size-default\">Potencia sin l\u00edmites para tu bater\u00eda industrial<\/h3>\t\t\t\t<\/div>\n\t\t\t\t<\/div>\n\t\t\t\t<div class=\"elementor-element elementor-element-68ce7e40 elementor-widget elementor-widget-text-editor\" data-id=\"68ce7e40\" data-element_type=\"widget\" data-e-type=\"widget\" data-widget_type=\"text-editor.default\">\n\t\t\t\t<div class=\"elementor-widget-container\">\n\t\t\t\t\t\t\t\t\t<p style=\"text-align: center;\"><span style=\"color: #ffffff;\"><b>Descubre nuestras bater\u00edas industriales de alto rendimiento, dise\u00f1adas para resistir las condiciones m\u00e1s adversas y ofrecer una vida \u00fatil excepcionalmente larga<\/b>.<\/span><\/p>\t\t\t\t\t\t\t\t<\/div>\n\t\t\t\t<\/div>\n\t\t\t\t<div class=\"elementor-element elementor-element-68a91d02 elementor-mobile-align-center elementor-align-center elementor-widget elementor-widget-button\" data-id=\"68a91d02\" data-element_type=\"widget\" data-e-type=\"widget\" data-widget_type=\"button.default\">\n\t\t\t\t<div class=\"elementor-widget-container\">\n\t\t\t\t\t\t\t\t\t<div class=\"elementor-button-wrapper\">\n\t\t\t\t\t<a class=\"elementor-button elementor-button-link elementor-size-sm elementor-animation-pulse-grow\" href=\"https:\/\/bateriasalher.com\/index.php\/contacto\/\">\n\t\t\t\t\t\t<span class=\"elementor-button-content-wrapper\">\n\t\t\t\t\t\t\t\t\t<span class=\"elementor-button-text\">Cont\u00e1ctanos<\/span>\n\t\t\t\t\t<\/span>\n\t\t\t\t\t<\/a>\n\t\t\t\t<\/div>\n\t\t\t\t\t\t\t\t<\/div>\n\t\t\t\t<\/div>\n\t\t\t\t\t<\/div>\n\t\t\t\t<\/div>\n\t\t<footer class=\"elementor-element elementor-element-418c874 e-con-full e-flex e-con e-parent\" data-id=\"418c874\" data-element_type=\"container\" data-e-type=\"container\">\n\t\t<div class=\"elementor-element elementor-element-1d1cd399 e-con-full e-flex e-con e-child\" data-id=\"1d1cd399\" data-element_type=\"container\" data-e-type=\"container\">\n\t\t\t\t<div class=\"elementor-element elementor-element-64ef4b73 elementor-icon-list--layout-inline elementor-tablet-align-center elementor-align-center elementor-list-item-link-full_width elementor-widget elementor-widget-icon-list\" data-id=\"64ef4b73\" data-element_type=\"widget\" data-e-type=\"widget\" data-widget_type=\"icon-list.default\">\n\t\t\t\t<div class=\"elementor-widget-container\">\n\t\t\t\t\t\t\t<ul class=\"elementor-icon-list-items elementor-inline-items\">\n\t\t\t\t\t\t\t<li class=\"elementor-icon-list-item elementor-inline-item\">\n\t\t\t\t\t\t\t\t\t\t<span class=\"elementor-icon-list-text\">601 237 1506 - 601 360 7177<\/span>\n\t\t\t\t\t\t\t\t\t<\/li>\n\t\t\t\t\t\t\t\t<li class=\"elementor-icon-list-item elementor-inline-item\">\n\t\t\t\t\t\t\t\t\t\t<span class=\"elementor-icon-list-text\">Cra 31 B # 5B - 34<\/span>\n\t\t\t\t\t\t\t\t\t<\/li>\n\t\t\t\t\t\t\t\t<li class=\"elementor-icon-list-item elementor-inline-item\">\n\t\t\t\t\t\t\t\t\t\t<span class=\"elementor-icon-list-text\">Lun-vier 7:00 - 4:30 Sab 7:00-11:00<\/span>\n\t\t\t\t\t\t\t\t\t<\/li>\n\t\t\t\t\t\t<\/ul>\n\t\t\t\t\t\t<\/div>\n\t\t\t\t<\/div>\n\t\t\t\t<\/div>\n\t\t<div class=\"elementor-element elementor-element-18b05292 e-con-full e-flex e-con e-child\" data-id=\"18b05292\" data-element_type=\"container\" data-e-type=\"container\">\n\t\t\t\t<div class=\"elementor-element elementor-element-7ed64346 e-grid-align-right e-grid-align-tablet-right e-grid-align-mobile-center elementor-widget-mobile__width-inherit elementor-shape-rounded elementor-grid-0 elementor-widget elementor-widget-social-icons\" data-id=\"7ed64346\" data-element_type=\"widget\" data-e-type=\"widget\" data-widget_type=\"social-icons.default\">\n\t\t\t\t<div class=\"elementor-widget-container\">\n\t\t\t\t\t\t\t<div class=\"elementor-social-icons-wrapper elementor-grid\" role=\"list\">\n\t\t\t\t\t\t\t<span class=\"elementor-grid-item\" role=\"listitem\">\n\t\t\t\t\t<a class=\"elementor-icon elementor-social-icon elementor-social-icon-facebook-f elementor-repeater-item-3f1b7ac\" target=\"_blank\">\n\t\t\t\t\t\t<span class=\"elementor-screen-only\">Facebook-f<\/span>\n\t\t\t\t\t\t<i aria-hidden=\"true\" class=\"fab fa-facebook-f\"><\/i>\t\t\t\t\t<\/a>\n\t\t\t\t<\/span>\n\t\t\t\t\t\t\t<span class=\"elementor-grid-item\" role=\"listitem\">\n\t\t\t\t\t<a class=\"elementor-icon elementor-social-icon elementor-social-icon- elementor-repeater-item-5c0ce3c\" target=\"_blank\">\n\t\t\t\t\t\t<span class=\"elementor-screen-only\"><\/span>\n\t\t\t\t\t\t\t\t\t\t\t<\/a>\n\t\t\t\t<\/span>\n\t\t\t\t\t<\/div>\n\t\t\t\t\t\t<\/div>\n\t\t\t\t<\/div>\n\t\t\t\t<\/div>\n\t\t\t\t<\/footer>\n\t\t\t\t<\/div>\n\t\t","protected":false},"excerpt":{"rendered":"<p>https:\/\/bateriasalher.com\/wp-content\/uploads\/2025\/07\/Baterias-Industriales-Alher1.mp4#t=2 Nuestra empresa Somos una empresa especializada en la fabricaci\u00f3n,\u00a0 reparaci\u00f3n y mantenimiento de\u00a0bater\u00edas\u00a0industriales, ciclo profundo. Producci\u00f3n Fabricamos bater\u00edas industriales para Montacargas el\u00e9ctricos, Estibadores, Apiladores y Carros el\u00e9ctricos, Ciclo Profundo. \u00a0 Reparaci\u00f3n y Mantenimiento Contamos con servicio de reparaci\u00f3n, mantenimiento, repotenciaci\u00f3n, activaci\u00f3n, puesta en marcha, reconstrucci\u00f3n y compra de bater\u00edas usadas con certificaci\u00f3n final. Suplementos [&hellip;]<\/p>\n","protected":false},"author":1,"featured_media":0,"parent":0,"menu_order":0,"comment_status":"closed","ping_status":"closed","template":"","meta":{"om_disable_all_campaigns":false,"_monsterinsights_skip_tracking":false,"_monsterinsights_sitenote_active":false,"_monsterinsights_sitenote_note":"","_monsterinsights_sitenote_category":0,"_joinchat":[],"footnotes":""},"class_list":["post-44","page","type-page","status-publish","hentry"],"aioseo_notices":[],"_links":{"self":[{"href":"https:\/\/bateriasalher.com\/index.php\/wp-json\/wp\/v2\/pages\/44","targetHints":{"allow":["GET"]}}],"collection":[{"href":"https:\/\/bateriasalher.com\/index.php\/wp-json\/wp\/v2\/pages"}],"about":[{"href":"https:\/\/bateriasalher.com\/index.php\/wp-json\/wp\/v2\/types\/page"}],"author":[{"embeddable":true,"href":"https:\/\/bateriasalher.com\/index.php\/wp-json\/wp\/v2\/users\/1"}],"replies":[{"embeddable":true,"href":"https:\/\/bateriasalher.com\/index.php\/wp-json\/wp\/v2\/comments?post=44"}],"version-history":[{"count":192,"href":"https:\/\/bateriasalher.com\/index.php\/wp-json\/wp\/v2\/pages\/44\/revisions"}],"predecessor-version":[{"id":663,"href":"https:\/\/bateriasalher.com\/index.php\/wp-json\/wp\/v2\/pages\/44\/revisions\/663"}],"wp:attachment":[{"href":"https:\/\/bateriasalher.com\/index.php\/wp-json\/wp\/v2\/media?parent=44"}],"curies":[{"name":"wp","href":"https:\/\/api.w.org\/{rel}","templated":true}]}}